{"id":127639,"date":"2026-01-28T12:52:24","date_gmt":"2026-01-28T07:22:24","guid":{"rendered":"https:\/\/rudrakshguru.com\/new\/?post_type=product&#038;p=127639"},"modified":"2026-01-30T11:33:21","modified_gmt":"2026-01-30T06:03:21","slug":"hiranyagrabha-shaligram","status":"publish","type":"product","link":"https:\/\/rudrakshguru.com\/new\/buy\/hiranyagrabha-shaligram\/","title":{"rendered":"HiranyaGrabha Shaligram"},"content":{"rendered":"<p><span style=\"color: #000000\"><strong>Product Name :<\/strong> <span style=\"color: #800000\"><strong>HiranyaGrabha Shaligram<\/strong><\/span><\/span><\/p>\n<p><span style=\"color: #000000\"><strong>Origin :<\/strong> Gandaki River Nepal<\/span><\/p>\n<p><span style=\"color: #000000\"><strong>Dimension :<\/strong> 2 inches<\/span><\/p>\n<p><span style=\"color: #000000\"><strong>Weight :<\/strong> 84 gm<\/span><\/p>\n<p><span style=\"color: #000000\"><strong>Lakshan Shaloka :\u00a0<\/strong><\/span><\/p>\n<p><span style=\"color: #008000\"><strong>vartula: kruShNavarNashca vidyutpunjanibhAnana:| amukhI svarNabindushca svarNagarbha: prakIrtita:||<\/strong><\/span><\/p>\n<p><strong>Meaning :\u00a0<\/strong><\/p>\n<p><span style=\"color: #000000\">Shaligram having round; black color; no vadana; gold spots; no opening &#8211; no chakra is known as <span style=\"color: #000080\"><strong>HiranyaGrabha Shaligram<\/strong><\/span><\/span><\/p>\n<p><span style=\"color: #000000\"><strong>Description :<\/strong><\/span><\/p>\n<p><span style=\"color: #000000\"><b>Hira\u1e47yagarbha<\/b> (Sanskrit: \u0939\u093f\u0930\u0923\u094d\u092f\u0917\u0930\u094d\u092d\u0903) ; literally the &#8216;golden womb&#8217; or &#8216;golden egg&#8217;, poetically translated as &#8216;universal germ&#8217;) is the source of the creation of universe or the manifested Cosmos in Vedic Philosophy , as well as an avatar of Vishnu in the Bhagvata Purana. It finds mention in one hymn of the Rigveda , known as the <b>Hira\u1e47yagarbha Sukta<\/b>, suggesting a single creator deity (verse 8: <i><span class=\"Unicode\" title=\"International Alphabet of Sanskrit Transliteration\">yo deve\u1e63v \u0101dhi dev\u0101 eka \u0101s\u012bt<\/span><\/i>, Griffith: &#8220;He is the God of gods, and none beside him.&#8221;), identified in the hymn as Prajapati . The concept of the &#8220;golden womb&#8221; is again mentioned in the Vishvakarman Sukta .<\/span><\/p>\n<p><span style=\"color: #000000\">One who dwells in the womb (garbha) of the world (Hiranya). The Upanishad declares: All these are in-dwelt by the Lord. The Golden Universe is an idiom in Sanskrit where gold means objects of fulfilment and joy. One who dwells in them all is Hiranyagarbhah. The term can also mean as He who, having become first the Creator, has come to be considered as the womb of all objects. Hiranyagarbhah is the term used in the Vedanta for the creator. He is the expression of the creative urge of the lord Narayana. The Golden-egg means here that from which all the objective world had emerged out, indicating the creator. The term thereby suggests that the entire creative power of the creator is but the expression of the Self, Narayana. The Hiranyagarbha Shaligram Shila is considered very powerful Shila and is related to the creator of this Universe. The worshipper is blessed with the cosmic energies which change the life of the devotee as per his wishes. The devotee is linked to the super consciousness of the transcendental. The worshipper remains detached yet enjoys the materialistic world. The Shila is extremely smooth, perfectly shaped, lustrous, Medium sized, cold to touch, has flawless impressions.<\/span><\/p>\n<p><span style=\"color: #000000\"><strong>Benefits of worshipping Hiranyagarbha Shaligram:<\/strong><\/span><br \/>\n<span style=\"color: #000000\"> &#8211; To change the life of the devotee as per his wishes<\/span><br \/>\n<span style=\"color: #000000\"> &#8211; For Bhakti yoga and spirituality<\/span><br \/>\n<span style=\"color: #000000\"> &#8211; For connection with the transcendence<\/span><br \/>\n<span style=\"color: #000000\"> &#8211; For Moksha and Salvation<\/span><\/p>\n","protected":false},"excerpt":{"rendered":"<p><span style=\"color: #000080\"><strong>Round and Black Color body, smooth and shiny , golden color spot , no opening &#8211; no chakra .\u00a0<\/strong><\/span><\/p>\n","protected":false},"featured_media":127640,"comment_status":"open","ping_status":"closed","template":"","meta":[],"product_brand":[],"product_cat":[695],"product_tag":[696],"class_list":{"0":"post-127639","1":"product","2":"type-product","3":"status-publish","4":"has-post-thumbnail","6":"product_cat-rare-hiranyagarbha","7":"product_tag-hirnyagrabha-shaligram","9":"first","10":"outofstock","11":"shipping-taxable","12":"purchasable","13":"product-type-simple"},"_links":{"self":[{"href":"https:\/\/rudrakshguru.com\/new\/wp-json\/wp\/v2\/product\/127639","targetHints":{"allow":["GET"]}}],"collection":[{"href":"https:\/\/rudrakshguru.com\/new\/wp-json\/wp\/v2\/product"}],"about":[{"href":"https:\/\/rudrakshguru.com\/new\/wp-json\/wp\/v2\/types\/product"}],"replies":[{"embeddable":true,"href":"https:\/\/rudrakshguru.com\/new\/wp-json\/wp\/v2\/comments?post=127639"}],"wp:featuredmedia":[{"embeddable":true,"href":"https:\/\/rudrakshguru.com\/new\/wp-json\/wp\/v2\/media\/127640"}],"wp:attachment":[{"href":"https:\/\/rudrakshguru.com\/new\/wp-json\/wp\/v2\/media?parent=127639"}],"wp:term":[{"taxonomy":"product_brand","embeddable":true,"href":"https:\/\/rudrakshguru.com\/new\/wp-json\/wp\/v2\/product_brand?post=127639"},{"taxonomy":"product_cat","embeddable":true,"href":"https:\/\/rudrakshguru.com\/new\/wp-json\/wp\/v2\/product_cat?post=127639"},{"taxonomy":"product_tag","embeddable":true,"href":"https:\/\/rudrakshguru.com\/new\/wp-json\/wp\/v2\/product_tag?post=127639"}],"curies":[{"name":"wp","href":"https:\/\/api.w.org\/{rel}","templated":true}]}}