{"id":29313,"date":"2018-11-13T11:33:07","date_gmt":"2018-11-13T06:03:07","guid":{"rendered":"https:\/\/kghosting.ml\/new\/?post_type=product&#038;p=29313"},"modified":"2026-01-05T14:43:46","modified_gmt":"2026-01-05T09:13:46","slug":"hamsa-shaligram-3","status":"publish","type":"product","link":"https:\/\/rudrakshguru.com\/new\/buy\/hamsa-shaligram-3\/","title":{"rendered":"Hamsa Shaligram"},"content":{"rendered":"<p><strong><span style=\"color: #000000\">Product Name :<\/span> <span style=\"color: #800000\">Hamsa Shaligram <\/span><\/strong><\/p>\n<p><span style=\"color: #000000\"><strong>Origin :<\/strong> Gandaki River Nepal<\/span><\/p>\n<p><span style=\"color: #000000\"><strong>Weight :<\/strong> 458 gm <\/span><\/p>\n<p><span style=\"color: #000000\"><strong>Dimension :<\/strong> 4 inches * 3 inches <\/span><\/p>\n<p><span style=\"color: #000000\"><strong>Lakshan Shaloka :<\/strong><\/span><\/p>\n<p><span style=\"color: #008000\"><strong>hamsastu dhanurAkAro nIlashveta vimishrita:| cakra padmAsanopeta: kevalam mokShado bhavet||<\/strong><\/span><\/p>\n<p><span style=\"color: #000000\"><strong>Meaning :<\/strong><\/span><\/p>\n<p><span style=\"color: #000000\">Shaligram having\u00a0D-shaped like bow; blue and white mixed color; chakras with the lotus like joint; is known as<\/span><span style=\"color: #000080\"><strong> Hamsa Shaligram<\/strong><\/span><\/p>\n<p><span style=\"color: #000000\"><strong>Description :<\/strong><\/span><\/p>\n<p><span style=\"color: #000000\">Hamsa is a Lila\u00a0 avatar (Pasttime Incarnations) of\u00a0 Vishnu is described in Srimad Bhagavatam.This avatar of Vishnu is described in Srimad Bhagavatam Canto 11 Chapter 13 known as the Hamsa avatar. The story of his manifestation is cited below.<\/span><\/p>\n<p><span style=\"color: #000000\">Uddhava asks Krishna how he(as Vishnu) dispelled the doubts of the Sanatakumara. The Sanatkumara once went to Brahma to inquire about the science of Yoga. Brahma was confounded by their questions as he was in the process of creation and meditated on Lord Vishnu for answers.<\/span><\/p>\n<p><span style=\"color: #000000\">Vishnu appears in the avatar of a Hamsa (swan) and imparts the essential knowledge to them.<\/span><br \/>\n<span style=\"color: #000000\"> SB 11.13.15 \u2014 \u015ar\u012b Uddhava said: My dear Ke\u015bava, at what time and in what form did You instruct the science of yoga to Sanaka and his brothers? I now desire to know about these things.<\/span><\/p>\n<p><span style=\"color: #000000\">SB 11.13.16 \u2014 The Supreme Personality of Godhead said: Once, the mental sons of Lord Brahm\u0101, namely, the sages headed by Sanaka, inquired from their father about the difficult subject matter of the supreme goal of yoga.<\/span><\/p>\n<p><span style=\"color: #000000\">SB 11.13.17 \u2014 The sages headed by Sanaka said: O Lord, people\u2019s minds are naturally attracted to material sense objects, and similarly the sense objects in the form of desire enter within the mind. Therefore, how can a person who desires liberation, who desires to cross over activities of sense gratification, destroy this mutual relationship between the sense objects and the mind? Please explain this to us.<\/span><\/p>\n<p><span style=\"color: #000000\">SB 11.13.18 \u2014 The Supreme Personality of Godhead said: My dear Uddhava, Brahm\u0101 himself, who is born directly from the body of the Lord and who is the creator of all living entities within the material world, being the best of the demigods, seriously contemplated the question of his sons headed by Sanaka. The intelligence of Brahm\u0101, however, was affected by his own activities of creation, and thus he could not discover the essential answer to this question.<\/span><\/p>\n<p><span style=\"color: #000000\">SB 11.13.19 \u2014 Lord Brahm\u0101 desired to attain the answer to the question that was puzzling him, and thus he fixed his mind on Me, the Supreme Lord. <strong>At that time, in My form of Ha\u1e41sa, I became visible to Lord Brahm\u0101.<\/strong><\/span><\/p>\n","protected":false},"excerpt":{"rendered":"<p><span style=\"color: #000080\"><strong>Hamsa Salagram<\/strong><\/span><\/p>\n<p><span style=\"color: #000080\">D Shape \/ Shape like a Bow , 1 opening &#8211; 2 circular with lotus joint , Vanamala marks .<br \/>\n<\/span><\/p>\n","protected":false},"featured_media":29280,"comment_status":"open","ping_status":"closed","template":"","meta":[],"product_brand":[],"product_cat":[246],"product_tag":[247],"class_list":{"0":"post-29313","1":"product","2":"type-product","3":"status-publish","4":"has-post-thumbnail","6":"product_cat-rare-hamsa","7":"product_tag-hamsa-shaligram","9":"first","10":"instock","11":"shipping-taxable","12":"purchasable","13":"product-type-simple"},"_links":{"self":[{"href":"https:\/\/rudrakshguru.com\/new\/wp-json\/wp\/v2\/product\/29313","targetHints":{"allow":["GET"]}}],"collection":[{"href":"https:\/\/rudrakshguru.com\/new\/wp-json\/wp\/v2\/product"}],"about":[{"href":"https:\/\/rudrakshguru.com\/new\/wp-json\/wp\/v2\/types\/product"}],"replies":[{"embeddable":true,"href":"https:\/\/rudrakshguru.com\/new\/wp-json\/wp\/v2\/comments?post=29313"}],"wp:featuredmedia":[{"embeddable":true,"href":"https:\/\/rudrakshguru.com\/new\/wp-json\/wp\/v2\/media\/29280"}],"wp:attachment":[{"href":"https:\/\/rudrakshguru.com\/new\/wp-json\/wp\/v2\/media?parent=29313"}],"wp:term":[{"taxonomy":"product_brand","embeddable":true,"href":"https:\/\/rudrakshguru.com\/new\/wp-json\/wp\/v2\/product_brand?post=29313"},{"taxonomy":"product_cat","embeddable":true,"href":"https:\/\/rudrakshguru.com\/new\/wp-json\/wp\/v2\/product_cat?post=29313"},{"taxonomy":"product_tag","embeddable":true,"href":"https:\/\/rudrakshguru.com\/new\/wp-json\/wp\/v2\/product_tag?post=29313"}],"curies":[{"name":"wp","href":"https:\/\/api.w.org\/{rel}","templated":true}]}}