{"id":87744,"date":"2022-04-20T18:41:47","date_gmt":"2022-04-20T13:11:47","guid":{"rendered":"http:\/\/rudrakshguru.com\/new\/?post_type=product&#038;p=87744"},"modified":"2026-03-26T19:46:47","modified_gmt":"2026-03-26T14:16:47","slug":"goddess-varahi-idol-in-pure-solid-copper","status":"publish","type":"product","link":"https:\/\/rudrakshguru.com\/new\/buy\/goddess-varahi-idol-in-pure-solid-copper\/","title":{"rendered":"Goddess Varahi Idol In Pure Solid Copper"},"content":{"rendered":"<p><strong><span style=\"color: #000000\">Product Name : <span style=\"color: #800000\">Goddess Varahi Idol In Pure Solid Copper<\/span><\/span><\/strong><\/p>\n<p><span style=\"color: #000000\"><strong>Weight :<\/strong> 354\u00a0 gms <\/span><\/p>\n<p><span style=\"color: #000000\"><strong>Dimension :<\/strong> 4 inches (Height) * 2 inches (Base)<\/span><\/p>\n<p><span style=\"color: #000000\"><strong>Design :<\/strong><\/span><\/p>\n<div dir=\"auto\">\n<div dir=\"auto\"><span style=\"color: #000000\">Enlighten you dwelling with this rare Idol of Goddess Varahi magnificently crafted in Copper. Goddess Varahi is depicted gracefully seated in Lalitasana pose and adorning the Karanda Mukuta and moon on Her head. She is raising Her two hands in Abhay and Varada Mudra\u00a0 and holding celestial weapons namely\u00a0 Mushalam and a Pick in Her upper arms. The finely carved clothing and ornament and attention given to physical features reflect the artistic brilliance of the skilled artisans from South India. Place the divine idol in you puja altar, living room or work desk for divine blessings.\u00a0<\/span><\/div>\n<\/div>\n<div dir=\"auto\"><\/div>\n<div dir=\"auto\"><span style=\"color: #000000\"><strong>Description :<\/strong><\/span><\/div>\n<div dir=\"auto\">\n<div dir=\"auto\"><span style=\"color: #000000\">Goddess Varahi is the feminine energy (Shakti) of Lord Varaha, the third incarnation of Lord Vishnu. She is manifestation of Shakti and also one of the seven Matrikas (Mother Goddesses). She provides protection and relief from negativity and mishaps and bestows longevity, knowledge, victory, prosperous life and spiritual progress.<\/span><\/div>\n<div dir=\"auto\">Varahi is one of the Matrikas, a group of seven mother goddesses in the Hindu religion. With the head of a sow, <span style=\"color: #000000\">Varahi is the shakti (feminine energy) of Varaha, the boar Avatar of the god Vishnu. She is a form of Bhudevi (supreme goddess of earth and land ). In Nepal, she is called Barahi. Varahi is worshipped by four major practices of Hinduism\u00a0: Shaivism (devotees of Shiva), Brahmanism (devotees of Brahma), Vaishnavism (devotees of Vishnu) and especially Shaktism (goddess worship). She is usually worshipped at night, using secretive Vamamarga Tantric practices. The Buddhist goddesses Vajrav\u0101r\u0101h\u012b and Marichi are believed to have their origins from the Hindu goddess Varahi.<\/span><\/div>\n<\/div>\n<div dir=\"auto\"><\/div>\n<div dir=\"auto\"><\/div>\n<p>&nbsp;<\/p>\n","protected":false},"excerpt":{"rendered":"<p>Product Name : Goddess Varahi Idol In Pure Solid Copper Weight : 354\u00a0 gms Dimension : 4 inches (Height) * 2 inches (Base) Design : Enlighten you dwelling with this rare Idol of Goddess Varahi magnificently crafted in Copper. Goddess &hellip; <a href=\"https:\/\/rudrakshguru.com\/new\/buy\/goddess-varahi-idol-in-pure-solid-copper\/\">Readmore<\/a><\/p>\n","protected":false},"featured_media":87737,"comment_status":"open","ping_status":"closed","template":"","meta":[],"product_brand":[],"product_cat":[1562,1548],"product_tag":[634],"class_list":{"0":"post-87744","1":"product","2":"type-product","3":"status-publish","4":"has-post-thumbnail","6":"product_cat-dasha-mahavidya-and-other-goddess-idols","7":"product_cat-varaha-laxmi-varaha-bhoo-varaha-varahai-idols","8":"product_tag-varaha-murti","10":"first","11":"outofstock","12":"shipping-taxable","13":"purchasable","14":"product-type-simple"},"_links":{"self":[{"href":"https:\/\/rudrakshguru.com\/new\/wp-json\/wp\/v2\/product\/87744","targetHints":{"allow":["GET"]}}],"collection":[{"href":"https:\/\/rudrakshguru.com\/new\/wp-json\/wp\/v2\/product"}],"about":[{"href":"https:\/\/rudrakshguru.com\/new\/wp-json\/wp\/v2\/types\/product"}],"replies":[{"embeddable":true,"href":"https:\/\/rudrakshguru.com\/new\/wp-json\/wp\/v2\/comments?post=87744"}],"wp:featuredmedia":[{"embeddable":true,"href":"https:\/\/rudrakshguru.com\/new\/wp-json\/wp\/v2\/media\/87737"}],"wp:attachment":[{"href":"https:\/\/rudrakshguru.com\/new\/wp-json\/wp\/v2\/media?parent=87744"}],"wp:term":[{"taxonomy":"product_brand","embeddable":true,"href":"https:\/\/rudrakshguru.com\/new\/wp-json\/wp\/v2\/product_brand?post=87744"},{"taxonomy":"product_cat","embeddable":true,"href":"https:\/\/rudrakshguru.com\/new\/wp-json\/wp\/v2\/product_cat?post=87744"},{"taxonomy":"product_tag","embeddable":true,"href":"https:\/\/rudrakshguru.com\/new\/wp-json\/wp\/v2\/product_tag?post=87744"}],"curies":[{"name":"wp","href":"https:\/\/api.w.org\/{rel}","templated":true}]}}