{"id":98308,"date":"2023-04-26T14:48:05","date_gmt":"2023-04-26T09:18:05","guid":{"rendered":"https:\/\/rudrakshguru.com\/new\/?post_type=product&#038;p=98308"},"modified":"2025-08-21T11:41:28","modified_gmt":"2025-08-21T06:11:28","slug":"veda-vyasa-murti-on-natural-golden-sudarshan-shaligram-3","status":"publish","type":"product","link":"https:\/\/rudrakshguru.com\/new\/buy\/veda-vyasa-murti-on-natural-golden-sudarshan-shaligram-3\/","title":{"rendered":"Veda Vyasa Murti On Natural Golden Sudarshan Shaligram"},"content":{"rendered":"<p><strong><span style=\"color: #000000\">Product Name : <span style=\"color: #800000\">Veda Vyasa Murti Carved On Natural Golden Sudarshan Shaligram<\/span><\/span><\/strong><\/p>\n<p><span style=\"color: #000000\"><strong>Weight :<\/strong> 95 gms <\/span><\/p>\n<p><span style=\"color: #000000\"><strong>Dimension :<\/strong> 3 inches (Height) \/ 1.50 inches * 1 inches (Base)<\/span><\/p>\n<p><span style=\"color: #000000\"><strong>Design :<\/strong> Lord Veda Vyasa Idol Carved On Natural Golden Sudarshan Shaligram of Gandaki River Nepal<\/span><\/p>\n<p><strong><span style=\"color: #000000\">Description :\u00a0<\/span><\/strong><\/p>\n<p><span style=\"color: #000000\">Vyasa (Sanskrit: literally &#8220;Compiler&#8221;) is a central and revered figure in most Hindu traditions. He is also sometimes called Veda Vy\u0101sa veda-vy\u0101sa, &#8220;the one who classified the Vedas&#8221;), or Krishna Dvaip\u0101yana (referring to his dark complexion and birthplace). He is generally considered the author of the Mahabharata, as well as a character in it, and the scribe of both the Vedas and Puranas. Vyasa is also considered to be one of the seven Chiranjivins (long lived, or immortals), who are still in existence according to Hindu belief.<\/span><\/p>\n<p>&nbsp;<\/p>\n","protected":false},"excerpt":{"rendered":"<p>Product Name : Veda Vyasa Murti Carved On Natural Golden Sudarshan Shaligram Weight : 95 gms Dimension : 3 inches (Height) \/ 1.50 inches * 1 inches (Base) Design : Lord Veda Vyasa Idol Carved On Natural Golden Sudarshan Shaligram &hellip; <a href=\"https:\/\/rudrakshguru.com\/new\/buy\/veda-vyasa-murti-on-natural-golden-sudarshan-shaligram-3\/\">Readmore<\/a><\/p>\n","protected":false},"featured_media":98303,"comment_status":"open","ping_status":"closed","template":"","meta":[],"product_brand":[],"product_cat":[1454],"product_tag":[1308],"class_list":{"0":"post-98308","1":"product","2":"type-product","3":"status-publish","4":"has-post-thumbnail","6":"product_cat-veda-vyasa-idols-carved-on-natural-shaligrams","7":"product_tag-ved-vyasa","9":"first","10":"outofstock","11":"shipping-taxable","12":"purchasable","13":"product-type-simple"},"_links":{"self":[{"href":"https:\/\/rudrakshguru.com\/new\/wp-json\/wp\/v2\/product\/98308","targetHints":{"allow":["GET"]}}],"collection":[{"href":"https:\/\/rudrakshguru.com\/new\/wp-json\/wp\/v2\/product"}],"about":[{"href":"https:\/\/rudrakshguru.com\/new\/wp-json\/wp\/v2\/types\/product"}],"replies":[{"embeddable":true,"href":"https:\/\/rudrakshguru.com\/new\/wp-json\/wp\/v2\/comments?post=98308"}],"wp:featuredmedia":[{"embeddable":true,"href":"https:\/\/rudrakshguru.com\/new\/wp-json\/wp\/v2\/media\/98303"}],"wp:attachment":[{"href":"https:\/\/rudrakshguru.com\/new\/wp-json\/wp\/v2\/media?parent=98308"}],"wp:term":[{"taxonomy":"product_brand","embeddable":true,"href":"https:\/\/rudrakshguru.com\/new\/wp-json\/wp\/v2\/product_brand?post=98308"},{"taxonomy":"product_cat","embeddable":true,"href":"https:\/\/rudrakshguru.com\/new\/wp-json\/wp\/v2\/product_cat?post=98308"},{"taxonomy":"product_tag","embeddable":true,"href":"https:\/\/rudrakshguru.com\/new\/wp-json\/wp\/v2\/product_tag?post=98308"}],"curies":[{"name":"wp","href":"https:\/\/api.w.org\/{rel}","templated":true}]}}